{"id":10867,"date":"2023-03-02T16:43:58","date_gmt":"2023-03-02T15:43:58","guid":{"rendered":"https:\/\/weldplus.de\/ihr-tranformationsprozess\/"},"modified":"2023-12-27T14:16:10","modified_gmt":"2023-12-27T13:16:10","slug":"ihr-tranformationsprozess","status":"publish","type":"page","link":"https:\/\/weldplus.de\/en\/ihr-tranformationsprozess\/","title":{"rendered":"YOUR TRANSFORMATION PROCESS"},"content":{"rendered":"<p>[vc_row full_width=&#8221;stretch_row&#8221; css=&#8221;.vc_custom_1677778174880{padding-top: 48px !important;background-color: #3f5771 !important;}&#8221;][vc_column][vc_column_text]<\/p>\n<h1 style=\"text-align: center;\"><span style=\"color: #ffffff;\"> Qualification &amp; Training &#8211; How Your Transformation Process Succeeds<\/span><\/h1>\n<p>[\/vc_column_text][\/vc_column][\/vc_row][vc_row css=&#8221;.vc_custom_1677775531166{border-top-width: 15px !important;padding-top: 25px !important;}&#8221;][vc_column][vc_row_inner][vc_column_inner width=&#8221;1\/2&#8243;][vc_single_image image=&#8221;10415&#8243; img_size=&#8221;full&#8221;][vc_column_text]<\/p>\n<p style=\"text-align: center;\"><strong>Together with you, we identify perspectives and develop the appropriate strategies and concepts for your future digital training processes.<\/strong><\/p>\n<p>[\/vc_column_text][\/vc_column_inner][vc_column_inner width=&#8221;1\/2&#8243;][vc_single_image image=&#8221;10545&#8243; img_size=&#8221;full&#8221;][vc_column_text]<\/p>\n<p style=\"text-align: center;\"><strong>We qualify your trainers for the competent use of digital media.<\/strong><\/p>\n<p>[\/vc_column_text][\/vc_column_inner][\/vc_row_inner][vc_column_text]<\/p>\n<h2 style=\"text-align: left;\"><span style=\"color: #e58b56;\">W<\/span><span style=\"color: #e58b56;\">orkshops and Trainings especially for education stakeholders and welding professionals<\/span><\/h2>\n<p>&nbsp;<\/p>\n<h3 style=\"text-align: left;\">Digitized qualification: planning and concept development<\/h3>\n<p>&nbsp;<\/p>\n<h4><strong><span style=\"color: #3f5771;\">Ready to Change: (We go digital!)<\/span><\/strong><\/h4>\n<p>Concept development for the use of new digital media in your company context. Development of a digitalized qualification process in your training environment.<\/p>\n<p>We develop step by step your new digitalized qualification plan, related to the individual use of our products.<\/p>\n<ul>\n<li>Up-to-date information on standards and digital training models<\/li>\n<li>Elaboration of your individual requirements for digital training<\/li>\n<li>Planning of the new digital processes in your company<\/li>\n<li>Product-related user training<\/li>\n<\/ul>\n<p>Additional bookable at any time: 1-day user training of the new media in your company, repetition and adaptation qualifications <\/p>\n<div class=\"hr-thin\"><\/div>\n<h3><span style=\"color: #3f5771;\"><strong>Accompanying offers for your trainers<\/strong><\/span><\/h3>\n<h4><span style=\"color: #3f5771;\"><strong>Train-the-Trainer Basic<\/strong><\/span><\/h4>\n<ul>\n<li>Digital competence development<\/li>\n<li>Methodological competence in dealing with new media <div class=\"gap\" style=\"line-height: 10px; height: 10px;\"><\/div><\/li>\n<\/ul>\n<h4><span style=\"color: #3f5771;\"><strong>Toolbox for trainers<\/strong><\/span><\/h4>\n<p>Workshop series for training welding specialists<\/p>\n<ul>\n<li>Competence and method training<\/li>\n<li>Communication<\/li>\n<li>Digitization<\/li>\n<li>Dealing with disruptions and conflicts<\/li>\n<li>Active learning<\/li>\n<\/ul>\n<p>[\/vc_column_text][vc_separator color=&#8221;white&#8221;][\/vc_column][\/vc_row][vc_row full_width=&#8221;stretch_row_content_no_spaces&#8221; css=&#8221;.vc_custom_1655289950285{margin: 0px !important;}&#8221;][vc_column]<div class=\"twentytwenty-container\" data-orientation=\"horizontal\" data-offset=\"0.4\"><img loading=\"lazy\" decoding=\"async\" class=\"preload-me\" src=\"https:\/\/weldplus.de\/wp-content\/uploads\/2023\/10\/Imagen-definitiva-antesdespues-portada.jpg\" width=\"2560\" height=\"1039\"  title=\"Training with Soldamatic 5.0\" alt=\"\"><img loading=\"lazy\" decoding=\"async\" class=\"preload-me\" src=\"https:\/\/weldplus.de\/wp-content\/uploads\/2022\/07\/despues-2-2-scaled.jpg\" width=\"2560\" height=\"1039\"  title=\"despues-2\" alt=\"\"><\/div>[\/vc_column][\/vc_row][vc_row gap=&#8221;30&#8243; content_placement=&#8221;top&#8221; css=&#8221;.vc_custom_1656334867191{margin-top: -48px !important;}&#8221;][vc_column width=&#8221;1\/2&#8243; css=&#8221;.vc_custom_1657884899199{padding-top: 0px !important;padding-bottom: 0px !important;}&#8221; offset=&#8221;vc_hidden-lg vc_hidden-md vc_hidden-sm&#8221;][vc_column_text css=&#8221;.vc_custom_1656337840454{margin-top: 48px !important;}&#8221;]<\/p>\n<h3><span style=\"color: #e58b56;\">Echte Ger\u00e4usche<\/span><\/h3>\n<p><span style=\"color: #3f5771;\">Die Ger\u00e4usche w\u00e4hrend der Simulation wurden in einer Schwei\u00dfwerkstatt aufgenommen. <\/span>[\/vc_column_text][\/vc_column][vc_column width=&#8221;1\/2&#8243; css=&#8221;.vc_custom_1657884909017{padding-top: 0px !important;padding-bottom: 0px !important;}&#8221; offset=&#8221;vc_hidden-lg vc_hidden-md vc_hidden-sm&#8221;][vc_single_image image=&#8221;6310&#8243; img_size=&#8221;full&#8221; alignment=&#8221;center&#8221; css=&#8221;.vc_custom_1661516741092{margin-bottom: 0px !important;padding-bottom: 0px !important;}&#8221;][vc_raw_html css=&#8221;.vc_custom_1657885434238{margin-top: 0px !important;}&#8221;]PGRpdiBzdHlsZT0iaGVpZ2h0OiA0MHB4OyB3aWR0aDogMXB4OyBiYWNrZ3JvdW5kLWNvbG9yOiAjNzA3MDcwOyBtYXJnaW46IGF1dG87Ij48L2Rpdj4=[\/vc_raw_html][\/vc_column][\/vc_row][vc_row gap=&#8221;30&#8243; content_placement=&#8221;top&#8221; css=&#8221;.vc_custom_1656334867191{margin-top: -48px !important;}&#8221;][vc_column width=&#8221;1\/2&#8243; css=&#8221;.vc_custom_1657884949040{padding-top: 0px !important;padding-bottom: 0px !important;}&#8221; offset=&#8221;vc_hidden-lg vc_hidden-md vc_hidden-sm&#8221;][vc_column_text css=&#8221;.vc_custom_1656339140773{margin-top: 12px !important;}&#8221;]<\/p>\n<h3><span style=\"color: #e58b56;\">Komponenten<\/span><\/h3>\n<h4><span style=\"color: #3f5771;\">Schwei\u00dfsimulator<\/span><\/h4>\n<p><span style=\"color: #3f5771;\">&#8211; Schwei\u00dfsimulator mit einem \u00e4hnlichen Design wie ein Schwei\u00dfger\u00e4t und einer Bedienblende, \u00fcber die die Spannung, Stromst\u00e4rke, Polarit\u00e4t, Gaszufuhr usw. angepasst werden kann.<\/span><\/p>\n<h4><span style=\"color: #3f5771;\">Schwei\u00dfsteuerung<\/span><\/h4>\n<p><span style=\"color: #3f5771;\">mit Stromst\u00e4rkeregler f\u00fcr das GTAW\/WIG-Schwei\u00dfen.<\/span><\/p>\n<h4><span style=\"color: #3f5771;\">Schwei\u00dfen<\/span><\/h4>\n<p><span style=\"color: #3f5771;\">&#8211; Echte Brenner f\u00fcr GTAW-, FCAW- und MMA. Hergestellt von Abicor Binzel. <\/span><\/p>\n<h4><span style=\"color: #3f5771;\">Echter Schwei\u00dfhelm<\/span><\/h4>\n<h4><span style=\"color: #3f5771;\">Echte Schwei\u00dferhandschuhe<\/span><\/h4>\n<p>[\/vc_column_text][vc_btn title=&#8221;Alle Komponenten anzeigen&#8221; style=&#8221;gradient-custom&#8221; gradient_custom_color_1=&#8221;#e58b56&#8243; gradient_custom_color_2=&#8221;#e58b56&#8243; align=&#8221;left&#8221; link=&#8221;url:https%3A%2F%2Fweldplus.de%2Faugmented-training-soldamatic%2F%23componentes|title:Komponenten&#8221;][\/vc_column][vc_column width=&#8221;1\/2&#8243; css=&#8221;.vc_custom_1657884957806{padding-top: 0px !important;padding-bottom: 0px !important;}&#8221; offset=&#8221;vc_hidden-lg vc_hidden-md vc_hidden-sm&#8221;][vc_single_image image=&#8221;6303&#8243; img_size=&#8221;full&#8221; alignment=&#8221;center&#8221; css=&#8221;.vc_custom_1661516636551{margin-bottom: 0px !important;padding-bottom: 0px !important;}&#8221;][vc_raw_html css=&#8221;.vc_custom_1657885923309{margin-top: 0px !important;}&#8221;]PGRpdiBzdHlsZT0iaGVpZ2h0OiA4MHB4OyB3aWR0aDogMXB4OyBiYWNrZ3JvdW5kLWNvbG9yOiAjNzA3MDcwOyBtYXJnaW46IGF1dG87Ij48L2Rpdj4=[\/vc_raw_html][\/vc_column][\/vc_row][vc_row][vc_column][vc_separator color=&#8221;white&#8221; border_width=&#8221;5&#8243; css=&#8221;.vc_custom_1683182299432{background-color: #ffffff !important;}&#8221;][\/vc_column][\/vc_row]<\/p>\n","protected":false},"excerpt":{"rendered":"<p>[vc_row full_width=&#8221;stretch_row&#8221; css=&#8221;.vc_custom_1677778174880{padding-top: 48px !important;background-color: #3f5771 !important;}&#8221;][vc_column][vc_column_text] Qualification &amp; Training &#8211; How Your Transformation Process Succeeds [\/vc_column_text][\/vc_column][\/vc_row][vc_row css=&#8221;.vc_custom_1677775531166{border-top-width: 15px !important;padding-top: 25px !important;}&#8221;][vc_column][vc_row_inner][vc_column_inner width=&#8221;1\/2&#8243;][vc_single_image image=&#8221;10415&#8243; img_size=&#8221;full&#8221;][vc_column_text] Together with you, we identify perspectives and develop the appropriate strategies and concepts for your future digital training processes. [\/vc_column_text][\/vc_column_inner][vc_column_inner width=&#8221;1\/2&#8243;][vc_single_image image=&#8221;10545&#8243; img_size=&#8221;full&#8221;][vc_column_text] We qualify your trainers for the competent&hellip;<\/p>\n","protected":false},"author":5,"featured_media":0,"parent":0,"menu_order":0,"comment_status":"closed","ping_status":"closed","template":"","meta":{"footnotes":""},"class_list":["post-10867","page","type-page","status-publish","hentry","description-off"],"yoast_head":"<!-- This site is optimized with the Yoast SEO plugin v25.8 - https:\/\/yoast.com\/wordpress\/plugins\/seo\/ -->\n<title>YOUR TRANSFORMATION PROCESS - Weldplus<\/title>\n<meta name=\"robots\" content=\"index, follow, max-snippet:-1, max-image-preview:large, max-video-preview:-1\" \/>\n<link rel=\"canonical\" href=\"https:\/\/weldplus.de\/en\/ihr-tranformationsprozess\/\" \/>\n<meta property=\"og:locale\" content=\"en_US\" \/>\n<meta property=\"og:type\" content=\"article\" \/>\n<meta property=\"og:title\" content=\"YOUR TRANSFORMATION PROCESS - Weldplus\" \/>\n<meta property=\"og:description\" content=\"[vc_row full_width=&#8221;stretch_row&#8221; css=&#8221;.vc_custom_1677778174880{padding-top: 48px !important;background-color: #3f5771 !important;}&#8221;][vc_column][vc_column_text] Qualification &amp; Training &#8211; How Your Transformation Process Succeeds [\/vc_column_text][\/vc_column][\/vc_row][vc_row css=&#8221;.vc_custom_1677775531166{border-top-width: 15px !important;padding-top: 25px !important;}&#8221;][vc_column][vc_row_inner][vc_column_inner width=&#8221;1\/2&#8243;][vc_single_image image=&#8221;10415&#8243; img_size=&#8221;full&#8221;][vc_column_text] Together with you, we identify perspectives and develop the appropriate strategies and concepts for your future digital training processes. [\/vc_column_text][\/vc_column_inner][vc_column_inner width=&#8221;1\/2&#8243;][vc_single_image image=&#8221;10545&#8243; img_size=&#8221;full&#8221;][vc_column_text] We qualify your trainers for the competent&hellip;\" \/>\n<meta property=\"og:url\" content=\"https:\/\/weldplus.de\/en\/ihr-tranformationsprozess\/\" \/>\n<meta property=\"og:site_name\" content=\"Weldplus\" \/>\n<meta property=\"article:modified_time\" content=\"2023-12-27T13:16:10+00:00\" \/>\n<meta name=\"twitter:card\" content=\"summary_large_image\" \/>\n<script type=\"application\/ld+json\" class=\"yoast-schema-graph\">{\"@context\":\"https:\/\/schema.org\",\"@graph\":[{\"@type\":\"WebPage\",\"@id\":\"https:\/\/weldplus.de\/en\/ihr-tranformationsprozess\/\",\"url\":\"https:\/\/weldplus.de\/en\/ihr-tranformationsprozess\/\",\"name\":\"YOUR TRANSFORMATION PROCESS - Weldplus\",\"isPartOf\":{\"@id\":\"https:\/\/weldplus.de\/#website\"},\"datePublished\":\"2023-03-02T15:43:58+00:00\",\"dateModified\":\"2023-12-27T13:16:10+00:00\",\"breadcrumb\":{\"@id\":\"https:\/\/weldplus.de\/en\/ihr-tranformationsprozess\/#breadcrumb\"},\"inLanguage\":\"en-US\",\"potentialAction\":[{\"@type\":\"ReadAction\",\"target\":[\"https:\/\/weldplus.de\/en\/ihr-tranformationsprozess\/\"]}]},{\"@type\":\"BreadcrumbList\",\"@id\":\"https:\/\/weldplus.de\/en\/ihr-tranformationsprozess\/#breadcrumb\",\"itemListElement\":[{\"@type\":\"ListItem\",\"position\":1,\"name\":\"Startseite\",\"item\":\"https:\/\/weldplus.de\/en\/\"},{\"@type\":\"ListItem\",\"position\":2,\"name\":\"YOUR TRANSFORMATION PROCESS\"}]},{\"@type\":\"WebSite\",\"@id\":\"https:\/\/weldplus.de\/#website\",\"url\":\"https:\/\/weldplus.de\/\",\"name\":\"Weldplus\",\"description\":\"Weldplus\",\"publisher\":{\"@id\":\"https:\/\/weldplus.de\/#organization\"},\"potentialAction\":[{\"@type\":\"SearchAction\",\"target\":{\"@type\":\"EntryPoint\",\"urlTemplate\":\"https:\/\/weldplus.de\/?s={search_term_string}\"},\"query-input\":{\"@type\":\"PropertyValueSpecification\",\"valueRequired\":true,\"valueName\":\"search_term_string\"}}],\"inLanguage\":\"en-US\"},{\"@type\":\"Organization\",\"@id\":\"https:\/\/weldplus.de\/#organization\",\"name\":\"Weldplus GmbH\",\"alternateName\":\"Weldplus GmbH\",\"url\":\"https:\/\/weldplus.de\/\",\"logo\":{\"@type\":\"ImageObject\",\"inLanguage\":\"en-US\",\"@id\":\"https:\/\/weldplus.de\/#\/schema\/logo\/image\/\",\"url\":\"https:\/\/weldplus.de\/wp-content\/uploads\/2022\/10\/logo_weldplus.svg\",\"contentUrl\":\"https:\/\/weldplus.de\/wp-content\/uploads\/2022\/10\/logo_weldplus.svg\",\"width\":1,\"height\":1,\"caption\":\"Weldplus GmbH\"},\"image\":{\"@id\":\"https:\/\/weldplus.de\/#\/schema\/logo\/image\/\"},\"sameAs\":[\"https:\/\/www.instagram.com\/weldplus.gmbh\/\",\"https:\/\/www.linkedin.com\/company\/weldplus-gmbh\/?viewAsMember=true\"]}]}<\/script>\n<!-- \/ Yoast SEO plugin. -->","yoast_head_json":{"title":"YOUR TRANSFORMATION PROCESS - Weldplus","robots":{"index":"index","follow":"follow","max-snippet":"max-snippet:-1","max-image-preview":"max-image-preview:large","max-video-preview":"max-video-preview:-1"},"canonical":"https:\/\/weldplus.de\/en\/ihr-tranformationsprozess\/","og_locale":"en_US","og_type":"article","og_title":"YOUR TRANSFORMATION PROCESS - Weldplus","og_description":"[vc_row full_width=&#8221;stretch_row&#8221; css=&#8221;.vc_custom_1677778174880{padding-top: 48px !important;background-color: #3f5771 !important;}&#8221;][vc_column][vc_column_text] Qualification &amp; Training &#8211; How Your Transformation Process Succeeds [\/vc_column_text][\/vc_column][\/vc_row][vc_row css=&#8221;.vc_custom_1677775531166{border-top-width: 15px !important;padding-top: 25px !important;}&#8221;][vc_column][vc_row_inner][vc_column_inner width=&#8221;1\/2&#8243;][vc_single_image image=&#8221;10415&#8243; img_size=&#8221;full&#8221;][vc_column_text] Together with you, we identify perspectives and develop the appropriate strategies and concepts for your future digital training processes. [\/vc_column_text][\/vc_column_inner][vc_column_inner width=&#8221;1\/2&#8243;][vc_single_image image=&#8221;10545&#8243; img_size=&#8221;full&#8221;][vc_column_text] We qualify your trainers for the competent&hellip;","og_url":"https:\/\/weldplus.de\/en\/ihr-tranformationsprozess\/","og_site_name":"Weldplus","article_modified_time":"2023-12-27T13:16:10+00:00","twitter_card":"summary_large_image","schema":{"@context":"https:\/\/schema.org","@graph":[{"@type":"WebPage","@id":"https:\/\/weldplus.de\/en\/ihr-tranformationsprozess\/","url":"https:\/\/weldplus.de\/en\/ihr-tranformationsprozess\/","name":"YOUR TRANSFORMATION PROCESS - Weldplus","isPartOf":{"@id":"https:\/\/weldplus.de\/#website"},"datePublished":"2023-03-02T15:43:58+00:00","dateModified":"2023-12-27T13:16:10+00:00","breadcrumb":{"@id":"https:\/\/weldplus.de\/en\/ihr-tranformationsprozess\/#breadcrumb"},"inLanguage":"en-US","potentialAction":[{"@type":"ReadAction","target":["https:\/\/weldplus.de\/en\/ihr-tranformationsprozess\/"]}]},{"@type":"BreadcrumbList","@id":"https:\/\/weldplus.de\/en\/ihr-tranformationsprozess\/#breadcrumb","itemListElement":[{"@type":"ListItem","position":1,"name":"Startseite","item":"https:\/\/weldplus.de\/en\/"},{"@type":"ListItem","position":2,"name":"YOUR TRANSFORMATION PROCESS"}]},{"@type":"WebSite","@id":"https:\/\/weldplus.de\/#website","url":"https:\/\/weldplus.de\/","name":"Weldplus","description":"Weldplus","publisher":{"@id":"https:\/\/weldplus.de\/#organization"},"potentialAction":[{"@type":"SearchAction","target":{"@type":"EntryPoint","urlTemplate":"https:\/\/weldplus.de\/?s={search_term_string}"},"query-input":{"@type":"PropertyValueSpecification","valueRequired":true,"valueName":"search_term_string"}}],"inLanguage":"en-US"},{"@type":"Organization","@id":"https:\/\/weldplus.de\/#organization","name":"Weldplus GmbH","alternateName":"Weldplus GmbH","url":"https:\/\/weldplus.de\/","logo":{"@type":"ImageObject","inLanguage":"en-US","@id":"https:\/\/weldplus.de\/#\/schema\/logo\/image\/","url":"https:\/\/weldplus.de\/wp-content\/uploads\/2022\/10\/logo_weldplus.svg","contentUrl":"https:\/\/weldplus.de\/wp-content\/uploads\/2022\/10\/logo_weldplus.svg","width":1,"height":1,"caption":"Weldplus GmbH"},"image":{"@id":"https:\/\/weldplus.de\/#\/schema\/logo\/image\/"},"sameAs":["https:\/\/www.instagram.com\/weldplus.gmbh\/","https:\/\/www.linkedin.com\/company\/weldplus-gmbh\/?viewAsMember=true"]}]}},"_links":{"self":[{"href":"https:\/\/weldplus.de\/en\/wp-json\/wp\/v2\/pages\/10867","targetHints":{"allow":["GET"]}}],"collection":[{"href":"https:\/\/weldplus.de\/en\/wp-json\/wp\/v2\/pages"}],"about":[{"href":"https:\/\/weldplus.de\/en\/wp-json\/wp\/v2\/types\/page"}],"author":[{"embeddable":true,"href":"https:\/\/weldplus.de\/en\/wp-json\/wp\/v2\/users\/5"}],"replies":[{"embeddable":true,"href":"https:\/\/weldplus.de\/en\/wp-json\/wp\/v2\/comments?post=10867"}],"version-history":[{"count":7,"href":"https:\/\/weldplus.de\/en\/wp-json\/wp\/v2\/pages\/10867\/revisions"}],"predecessor-version":[{"id":11959,"href":"https:\/\/weldplus.de\/en\/wp-json\/wp\/v2\/pages\/10867\/revisions\/11959"}],"wp:attachment":[{"href":"https:\/\/weldplus.de\/en\/wp-json\/wp\/v2\/media?parent=10867"}],"curies":[{"name":"wp","href":"https:\/\/api.w.org\/{rel}","templated":true}]}}