{"id":10947,"date":"2023-05-11T13:05:59","date_gmt":"2023-05-11T11:05:59","guid":{"rendered":"https:\/\/weldplus.de\/?page_id=10947"},"modified":"2023-05-15T13:12:14","modified_gmt":"2023-05-15T11:12:14","slug":"technical-support-engineer","status":"publish","type":"page","link":"https:\/\/weldplus.de\/en\/technical-support-engineer\/","title":{"rendered":"Technical Support Engineer"},"content":{"rendered":"<p>[vc_row css=&#8221;.vc_custom_1683806300973{margin-top: 160px !important;margin-bottom: 160px !important;}&#8221;][vc_column][vc_single_image image=&#8221;1672&#8243; img_size=&#8221;full&#8221; alignment=&#8221;center&#8221; el_class=&#8221;icon-seabery&#8221;][\/vc_column][\/vc_row][vc_row full_width=&#8221;stretch_row&#8221; css=&#8221;.vc_custom_1683274370585{padding-right: 20vw !important;padding-bottom: 48px !important;padding-left: 20vw !important;background-color: #3f5771 !important;}&#8221;][vc_column][vc_column_text]<\/p>\n<h1 style=\"text-align: center;\"><span style=\"color: #ffffff;\">Spezialist*in Technical Support (m\/w\/d)<\/span><\/h1>\n<p>[\/vc_column_text][\/vc_column][\/vc_row][vc_row full_width=&#8221;stretch_row&#8221; css=&#8221;.vc_custom_1683274033854{padding-right: 5vw !important;padding-left: 5vw !important;}&#8221;][vc_column width=&#8221;1\/4&#8243;][vc_single_image image=&#8221;8441&#8243; img_size=&#8221;600&#215;400&#8243;][\/vc_column][vc_column width=&#8221;1\/4&#8243;][vc_single_image image=&#8221;10900&#8243; img_size=&#8221;600&#215;400&#8243;][\/vc_column][vc_column width=&#8221;1\/4&#8243;][vc_single_image image=&#8221;8797&#8243; img_size=&#8221;600&#215;400&#8243;][\/vc_column][vc_column width=&#8221;1\/4&#8243;][vc_single_image image=&#8221;10413&#8243; img_size=&#8221;600&#215;400&#8243;][\/vc_column][\/vc_row][vc_row full_width=&#8221;stretch_row_content&#8221; content_placement=&#8221;middle&#8221; css=&#8221;.vc_custom_1673973091058{padding-right: 10vw !important;padding-left: 10vw !important;}&#8221;][vc_column][vc_column_text]<strong><div class=\"gap\" style=\"line-height: 20px; height: 20px;\"><\/div> <\/strong>Die Seabery Corporation ist ein <strong>weltweit f\u00fchrender Anbieter von Augmented-Reality-Technologie<\/strong> f\u00fcr das Schwei\u00dfen.<\/p>\n<p>Unser Flaggschiffprodukt Soldamatic erm\u00f6glicht dank unserer patentierten HyperReal-Sim\u2122-Technologie eine realit\u00e4tsnahe Schulung der Kunden in Schwei\u00dfprozessen f\u00fcr die Industrie- oder Bildungssektor.<div class=\"gap\" style=\"line-height: 10px; height: 10px;\"><\/div>\n<p>In unserem Werbevideo k\u00f6nnen Sie sich einen detaillierten Einblick in eines unserer Produkte verschaffen:<strong><div class=\"gap\" style=\"line-height: 10px; height: 10px;\"><\/div> <\/strong><\/p>\n<p><iframe loading=\"lazy\" title=\"Soldamatic - 2023 New Release\" width=\"1200\" height=\"675\" src=\"https:\/\/www.youtube.com\/embed\/Uq4GtI6NSoo?feature=oembed\" frameborder=\"0\" allow=\"accelerometer; autoplay; clipboard-write; encrypted-media; gyroscope; picture-in-picture; web-share\" allowfullscreen><\/iframe><\/p>\n<p><strong><div class=\"gap\" style=\"line-height: 20px; height: 20px;\"><\/div> Zurzeit suchen wir einen Technical Support Spezialist*in (m\/w) in Nisterfeld, M\u00fcschenbach. Wir bieten jedoch eine Stelle in einem Hybridmodell an und die endg\u00fcltige Teamorganisation ist flexibel, um Privat- und Berufsleben zu verbinden.<div class=\"gap\" style=\"line-height: 20px; height: 20px;\"><\/div> <\/strong><\/p>\n<p>Als Supporttechniker*in (m\/w\/d) in einem technischen Entwicklungsunternehmen, das Schwei\u00dftrainings-Simulatoren mit Augmented Reality entwickelt, geh\u00f6ren zu Ihren Hauptaufgaben:<\/p>\n<ul>\n<li><strong>Bereitstellung von technischem Support:<\/strong> Sie sind f\u00fcr die Behebung von technischen Problemen mit den Schwei\u00dfsimulatoren und der Augmented-Reality-Software zust\u00e4ndig. Sie m\u00fcssen mit der in den Simulatoren verwendeten Hard- und Software vertraut sein und in der Lage sein, technische Probleme schnell und effizient zu erkennen und zu l\u00f6sen.<div class=\"gap\" style=\"line-height: 5px; height: 5px;\"><\/div><\/li>\n<li><strong>Installation und Konfiguration von Software:<\/strong> Es kann erforderlich sein, dass Sie Software auf Kundenmaschinen oder auf den Schwei\u00dfsimulatoren installieren und konfigurieren. Dies kann die Erstellung von Installationspaketen oder die Fernverbindung zu Kundenmaschinen zur Durchf\u00fchrung der Installation beinhalten. Wartung von Hardware und Software: Sie sind f\u00fcr die Wartung der in den Schwei\u00dfsimulatoren verwendeten Hardware und Software verantwortlich. Dazu geh\u00f6rt die Durchf\u00fchrung regelm\u00e4\u00dfiger Wartungsaufgaben, wie z. B. Updates und Backups, und die Sicherstellung des effizienten Betriebs der Simulatoren.<div class=\"gap\" style=\"line-height: 5px; height: 5px;\"><\/div><\/li>\n<li><strong>Unterst\u00fctzung von Kunden:<\/strong> Sie sind f\u00fcr die Unterst\u00fctzung von Kunden zust\u00e4ndig, die Fragen oder Probleme mit den Schwei\u00dfsimulatoren oder der Augmented-Reality-Software haben. Sie m\u00fcssen in der Lage sein, effektiv mit Kunden in Deutsch und Englisch zu kommunizieren und zeitnahe und pr\u00e4zise L\u00f6sungen f\u00fcr deren Probleme zu liefern. Die Arbeit in einem CRM-System f\u00fcr das Ticket- und Incident-Management ist wichtig, um zeitnahe und effiziente Antworten auf Kundenanfragen zu gew\u00e4hrleisten. Testen und Bewerten neuer Software und Hardware: Sie k\u00f6nnen an der Pr\u00fcfung und Bewertung neuer Software und Hardware beteiligt sein, die f\u00fcr die Schwei\u00dfsimulatoren entwickelt wird. Sie m\u00fcssen in der Lage sein, Feedback zur Software und Hardware zu geben und Probleme oder Fehler zu identifizieren, die behoben werden m\u00fcssen.<div class=\"gap\" style=\"line-height: 5px; height: 5px;\"><\/div><\/li>\n<li><strong>Dokumentieren von Verfahren:<\/strong> Sie m\u00fcssen Verfahren f\u00fcr die Wartung und Fehlerbehebung der Schwei\u00dfsimulatoren und der Augmented-Reality-Software dokumentieren. Diese Dokumentation wird von anderen Mitgliedern des technischen Supportteams verwendet und kann auch an Kunden weitergegeben werden.<div class=\"gap\" style=\"line-height: 5px; height: 5px;\"><\/div><\/li>\n<li>Als Supporttechniker, der Kunden aus anderen L\u00e4ndern unterst\u00fctzt, m\u00fcssen Sie sich mit anderen Sprachen und kulturellen Unterschieden auskennen, die sich auf die Art und Weise auswirken k\u00f6nnen, wie die Kunden mit Ihnen umgehen.<div class=\"gap\" style=\"line-height: 5px; height: 5px;\"><\/div><\/li>\n<\/ul>\n<p>Au\u00dferdem m\u00fcssen Sie m\u00f6glicherweise auch au\u00dferhalb der normalen Gesch\u00e4ftszeiten f\u00fcr den Support zur Verf\u00fcgung stehen, um Kunden in anderen Zeitzonen zu betreuen. In dieser Funktion sind flie\u00dfende Deutsch- und Englischkenntnisse f\u00fcr eine effektive Kommunikation mit den Kunden erforderlich.<div class=\"gap\" style=\"line-height: 20px; height: 20px;\"><\/div>\n<p><strong>Besondere Anforderungen:<\/strong><\/p>\n<ul>\n<li>Kenntnisse von Computerhardware- und -softwarekomponenten, Betriebssystemen (z. B. Windows, macOS, Linux) sowie Netzwerkprotokollen und -konzepten<div class=\"gap\" style=\"line-height: 5px; height: 5px;\"><\/div><\/li>\n<li>Vertrautheit mit Virtualisierungstechnologien (z. B. VMware, Hyper-V) und Cloud-Computing-Plattformen (z. B. AWS, Azure)<div class=\"gap\" style=\"line-height: 5px; height: 5px;\"><\/div><\/li>\n<li>Erfahrung mit CRM-Systemen f\u00fcr das Ticket- und Incident-Management<div class=\"gap\" style=\"line-height: 5px; height: 5px;\"><\/div><\/li>\n<li>Remote-Desktop-Software f\u00fcr die Bereitstellung von technischem Support f\u00fcr Kunden<div class=\"gap\" style=\"line-height: 5px; height: 5px;\"><\/div><\/li>\n<li>Grundkenntnisse in Programmiersprachen wie Java oder Python<div class=\"gap\" style=\"line-height: 5px; height: 5px;\"><\/div><\/li>\n<li>Diagnosetools und Software f\u00fcr die Fehlerbehebung bei Hardware- und Softwareproblemen<div class=\"gap\" style=\"line-height: 5px; height: 5px;\"><\/div><\/li>\n<li>Ausgezeichnete m\u00fcndliche und schriftliche Kommunikationsf\u00e4higkeiten in Deutsch und Englisch<div class=\"gap\" style=\"line-height: 20px; height: 20px;\"><\/div><\/li>\n<\/ul>\n<p><strong>Soft Skills:<\/strong><\/p>\n<ul>\n<li>Ausgepr\u00e4gte analytische F\u00e4higkeiten und Probleml\u00f6sungsf\u00e4higkeiten<div class=\"gap\" style=\"line-height: 5px; height: 5px;\"><\/div><\/li>\n<li>Ausgezeichnete F\u00e4higkeiten im Umgang mit Kunden und anderen Menschen<div class=\"gap\" style=\"line-height: 5px; height: 5px;\"><\/div><\/li>\n<li>F\u00e4higkeit, unter Druck zu arbeiten und mehrere Priorit\u00e4ten zu verwalten<div class=\"gap\" style=\"line-height: 5px; height: 5px;\"><\/div><\/li>\n<li>Detailorientiert und gut organisiert<div class=\"gap\" style=\"line-height: 5px; height: 5px;\"><\/div><\/li>\n<li>Gute Kenntnisse in Dokumentation und technischem Schreiben<div class=\"gap\" style=\"line-height: 5px; height: 5px;\"><\/div><\/li>\n<li>F\u00e4higkeit, neue Technologien schnell zu erlernen und sich an sie anzupassen<div class=\"gap\" style=\"line-height: 5px; height: 5px;\"><\/div><\/li>\n<li>Erfahrung in der Verwendung von Tools f\u00fcr die virtuelle Zusammenarbeit wie Videokonferenzen, Bildschirmfreigabe und Software f\u00fcr die Zusammenarbeit im Team<\/li>\n<\/ul>\n<p>Insgesamt muss ein Computer-Supporttechniker in dieser Funktion \u00fcber ein hohes Ma\u00df an Fachwissen \u00fcber Computersysteme, ausgepr\u00e4gte technische und analytische F\u00e4higkeiten sowie ausgezeichnete Kommunikations- und Sozialkompetenzen verf\u00fcgen, um Kunden effektiv unterst\u00fctzen zu k\u00f6nnen.<\/p>\n<p>Die F\u00e4higkeit, unter Druck zu arbeiten und mehrere Priorit\u00e4ten zu setzen, sowie Erfahrung mit Tools f\u00fcr die virtuelle Zusammenarbeit sind ebenfalls Voraussetzung f\u00fcr den Erfolg in dieser Position.[\/vc_column_text][\/vc_column][\/vc_row][vc_row css=&#8221;.vc_custom_1683799396854{margin-bottom: 160px !important;}&#8221;][vc_column width=&#8221;1\/5&#8243;][\/vc_column][vc_column width=&#8221;1\/5&#8243;][\/vc_column][vc_column width=&#8221;1\/5&#8243;][vc_btn title=&#8221;JETZT BEWERBEN&#8221; align=&#8221;center&#8221; link=&#8221;url:https%3A%2F%2Fwww.linkedin.com%2Fjobs%2Fsearch%2F%3FcurrentJobId%3D3600788001%26f_C%3D3047550%26geoId%3D92000000%26originToLandingJobPostings%3D3599754458%252C3601153601%252C3600788001%252C3569534336%252C3567719612%252C3563621492|&#8221;][\/vc_column][vc_column width=&#8221;1\/5&#8243;][\/vc_column][vc_column width=&#8221;1\/5&#8243;][\/vc_column][\/vc_row]<\/p>\n","protected":false},"excerpt":{"rendered":"<p>[vc_row css=&#8221;.vc_custom_1683806300973{margin-top: 160px !important;margin-bottom: 160px !important;}&#8221;][vc_column][vc_single_image image=&#8221;1672&#8243; img_size=&#8221;full&#8221; alignment=&#8221;center&#8221; el_class=&#8221;icon-seabery&#8221;][\/vc_column][\/vc_row][vc_row full_width=&#8221;stretch_row&#8221; css=&#8221;.vc_custom_1683274370585{padding-right: 20vw !important;padding-bottom: 48px !important;padding-left: 20vw !important;background-color: #3f5771 !important;}&#8221;][vc_column][vc_column_text] Spezialist*in Technical Support (m\/w\/d) [\/vc_column_text][\/vc_column][\/vc_row][vc_row full_width=&#8221;stretch_row&#8221; css=&#8221;.vc_custom_1683274033854{padding-right: 5vw !important;padding-left: 5vw !important;}&#8221;][vc_column width=&#8221;1\/4&#8243;][vc_single_image image=&#8221;8441&#8243; img_size=&#8221;600&#215;400&#8243;][\/vc_column][vc_column width=&#8221;1\/4&#8243;][vc_single_image image=&#8221;10900&#8243; img_size=&#8221;600&#215;400&#8243;][\/vc_column][vc_column width=&#8221;1\/4&#8243;][vc_single_image image=&#8221;8797&#8243; img_size=&#8221;600&#215;400&#8243;][\/vc_column][vc_column width=&#8221;1\/4&#8243;][vc_single_image image=&#8221;10413&#8243; img_size=&#8221;600&#215;400&#8243;][\/vc_column][\/vc_row][vc_row full_width=&#8221;stretch_row_content&#8221; content_placement=&#8221;middle&#8221; css=&#8221;.vc_custom_1673973091058{padding-right: 10vw !important;padding-left: 10vw !important;}&#8221;][vc_column][vc_column_text] Die Seabery Corporation ist ein&hellip;<\/p>\n","protected":false},"author":5,"featured_media":0,"parent":0,"menu_order":0,"comment_status":"closed","ping_status":"closed","template":"","meta":{"footnotes":""},"class_list":["post-10947","page","type-page","status-publish","hentry","description-off"],"yoast_head":"<!-- This site is optimized with the Yoast SEO plugin v25.8 - https:\/\/yoast.com\/wordpress\/plugins\/seo\/ -->\n<title>Technical Support Engineer - Weldplus<\/title>\n<meta name=\"robots\" content=\"index, follow, max-snippet:-1, max-image-preview:large, max-video-preview:-1\" \/>\n<link rel=\"canonical\" href=\"https:\/\/weldplus.de\/spezialistin-technical-support-m-w-d\/\" \/>\n<meta property=\"og:locale\" content=\"en_US\" \/>\n<meta property=\"og:type\" content=\"article\" \/>\n<meta property=\"og:title\" content=\"Technical Support Engineer - Weldplus\" \/>\n<meta property=\"og:description\" content=\"[vc_row css=&#8221;.vc_custom_1683806300973{margin-top: 160px !important;margin-bottom: 160px !important;}&#8221;][vc_column][vc_single_image image=&#8221;1672&#8243; img_size=&#8221;full&#8221; alignment=&#8221;center&#8221; el_class=&#8221;icon-seabery&#8221;][\/vc_column][\/vc_row][vc_row full_width=&#8221;stretch_row&#8221; css=&#8221;.vc_custom_1683274370585{padding-right: 20vw !important;padding-bottom: 48px !important;padding-left: 20vw !important;background-color: #3f5771 !important;}&#8221;][vc_column][vc_column_text] Spezialist*in Technical Support (m\/w\/d) [\/vc_column_text][\/vc_column][\/vc_row][vc_row full_width=&#8221;stretch_row&#8221; css=&#8221;.vc_custom_1683274033854{padding-right: 5vw !important;padding-left: 5vw !important;}&#8221;][vc_column width=&#8221;1\/4&#8243;][vc_single_image image=&#8221;8441&#8243; img_size=&#8221;600&#215;400&#8243;][\/vc_column][vc_column width=&#8221;1\/4&#8243;][vc_single_image image=&#8221;10900&#8243; img_size=&#8221;600&#215;400&#8243;][\/vc_column][vc_column width=&#8221;1\/4&#8243;][vc_single_image image=&#8221;8797&#8243; img_size=&#8221;600&#215;400&#8243;][\/vc_column][vc_column width=&#8221;1\/4&#8243;][vc_single_image image=&#8221;10413&#8243; img_size=&#8221;600&#215;400&#8243;][\/vc_column][\/vc_row][vc_row full_width=&#8221;stretch_row_content&#8221; content_placement=&#8221;middle&#8221; css=&#8221;.vc_custom_1673973091058{padding-right: 10vw !important;padding-left: 10vw !important;}&#8221;][vc_column][vc_column_text] Die Seabery Corporation ist ein&hellip;\" \/>\n<meta property=\"og:url\" content=\"https:\/\/weldplus.de\/spezialistin-technical-support-m-w-d\/\" \/>\n<meta property=\"og:site_name\" content=\"Weldplus\" \/>\n<meta property=\"article:modified_time\" content=\"2023-05-15T11:12:14+00:00\" \/>\n<meta name=\"twitter:card\" content=\"summary_large_image\" \/>\n<script type=\"application\/ld+json\" class=\"yoast-schema-graph\">{\"@context\":\"https:\/\/schema.org\",\"@graph\":[{\"@type\":\"WebPage\",\"@id\":\"https:\/\/weldplus.de\/spezialistin-technical-support-m-w-d\/\",\"url\":\"https:\/\/weldplus.de\/spezialistin-technical-support-m-w-d\/\",\"name\":\"Technical Support Engineer - Weldplus\",\"isPartOf\":{\"@id\":\"https:\/\/weldplus.de\/#website\"},\"datePublished\":\"2023-05-11T11:05:59+00:00\",\"dateModified\":\"2023-05-15T11:12:14+00:00\",\"breadcrumb\":{\"@id\":\"https:\/\/weldplus.de\/spezialistin-technical-support-m-w-d\/#breadcrumb\"},\"inLanguage\":\"en-US\",\"potentialAction\":[{\"@type\":\"ReadAction\",\"target\":[\"https:\/\/weldplus.de\/spezialistin-technical-support-m-w-d\/\"]}]},{\"@type\":\"BreadcrumbList\",\"@id\":\"https:\/\/weldplus.de\/spezialistin-technical-support-m-w-d\/#breadcrumb\",\"itemListElement\":[{\"@type\":\"ListItem\",\"position\":1,\"name\":\"Startseite\",\"item\":\"https:\/\/weldplus.de\/en\/\"},{\"@type\":\"ListItem\",\"position\":2,\"name\":\"Technical Support Engineer\"}]},{\"@type\":\"WebSite\",\"@id\":\"https:\/\/weldplus.de\/#website\",\"url\":\"https:\/\/weldplus.de\/\",\"name\":\"Weldplus\",\"description\":\"Weldplus\",\"publisher\":{\"@id\":\"https:\/\/weldplus.de\/#organization\"},\"potentialAction\":[{\"@type\":\"SearchAction\",\"target\":{\"@type\":\"EntryPoint\",\"urlTemplate\":\"https:\/\/weldplus.de\/?s={search_term_string}\"},\"query-input\":{\"@type\":\"PropertyValueSpecification\",\"valueRequired\":true,\"valueName\":\"search_term_string\"}}],\"inLanguage\":\"en-US\"},{\"@type\":\"Organization\",\"@id\":\"https:\/\/weldplus.de\/#organization\",\"name\":\"Weldplus GmbH\",\"alternateName\":\"Weldplus GmbH\",\"url\":\"https:\/\/weldplus.de\/\",\"logo\":{\"@type\":\"ImageObject\",\"inLanguage\":\"en-US\",\"@id\":\"https:\/\/weldplus.de\/#\/schema\/logo\/image\/\",\"url\":\"https:\/\/weldplus.de\/wp-content\/uploads\/2022\/10\/logo_weldplus.svg\",\"contentUrl\":\"https:\/\/weldplus.de\/wp-content\/uploads\/2022\/10\/logo_weldplus.svg\",\"width\":1,\"height\":1,\"caption\":\"Weldplus GmbH\"},\"image\":{\"@id\":\"https:\/\/weldplus.de\/#\/schema\/logo\/image\/\"},\"sameAs\":[\"https:\/\/www.instagram.com\/weldplus.gmbh\/\",\"https:\/\/www.linkedin.com\/company\/weldplus-gmbh\/?viewAsMember=true\"]}]}<\/script>\n<!-- \/ Yoast SEO plugin. -->","yoast_head_json":{"title":"Technical Support Engineer - Weldplus","robots":{"index":"index","follow":"follow","max-snippet":"max-snippet:-1","max-image-preview":"max-image-preview:large","max-video-preview":"max-video-preview:-1"},"canonical":"https:\/\/weldplus.de\/spezialistin-technical-support-m-w-d\/","og_locale":"en_US","og_type":"article","og_title":"Technical Support Engineer - Weldplus","og_description":"[vc_row css=&#8221;.vc_custom_1683806300973{margin-top: 160px !important;margin-bottom: 160px !important;}&#8221;][vc_column][vc_single_image image=&#8221;1672&#8243; img_size=&#8221;full&#8221; alignment=&#8221;center&#8221; el_class=&#8221;icon-seabery&#8221;][\/vc_column][\/vc_row][vc_row full_width=&#8221;stretch_row&#8221; css=&#8221;.vc_custom_1683274370585{padding-right: 20vw !important;padding-bottom: 48px !important;padding-left: 20vw !important;background-color: #3f5771 !important;}&#8221;][vc_column][vc_column_text] Spezialist*in Technical Support (m\/w\/d) [\/vc_column_text][\/vc_column][\/vc_row][vc_row full_width=&#8221;stretch_row&#8221; css=&#8221;.vc_custom_1683274033854{padding-right: 5vw !important;padding-left: 5vw !important;}&#8221;][vc_column width=&#8221;1\/4&#8243;][vc_single_image image=&#8221;8441&#8243; img_size=&#8221;600&#215;400&#8243;][\/vc_column][vc_column width=&#8221;1\/4&#8243;][vc_single_image image=&#8221;10900&#8243; img_size=&#8221;600&#215;400&#8243;][\/vc_column][vc_column width=&#8221;1\/4&#8243;][vc_single_image image=&#8221;8797&#8243; img_size=&#8221;600&#215;400&#8243;][\/vc_column][vc_column width=&#8221;1\/4&#8243;][vc_single_image image=&#8221;10413&#8243; img_size=&#8221;600&#215;400&#8243;][\/vc_column][\/vc_row][vc_row full_width=&#8221;stretch_row_content&#8221; content_placement=&#8221;middle&#8221; css=&#8221;.vc_custom_1673973091058{padding-right: 10vw !important;padding-left: 10vw !important;}&#8221;][vc_column][vc_column_text] Die Seabery Corporation ist ein&hellip;","og_url":"https:\/\/weldplus.de\/spezialistin-technical-support-m-w-d\/","og_site_name":"Weldplus","article_modified_time":"2023-05-15T11:12:14+00:00","twitter_card":"summary_large_image","schema":{"@context":"https:\/\/schema.org","@graph":[{"@type":"WebPage","@id":"https:\/\/weldplus.de\/spezialistin-technical-support-m-w-d\/","url":"https:\/\/weldplus.de\/spezialistin-technical-support-m-w-d\/","name":"Technical Support Engineer - Weldplus","isPartOf":{"@id":"https:\/\/weldplus.de\/#website"},"datePublished":"2023-05-11T11:05:59+00:00","dateModified":"2023-05-15T11:12:14+00:00","breadcrumb":{"@id":"https:\/\/weldplus.de\/spezialistin-technical-support-m-w-d\/#breadcrumb"},"inLanguage":"en-US","potentialAction":[{"@type":"ReadAction","target":["https:\/\/weldplus.de\/spezialistin-technical-support-m-w-d\/"]}]},{"@type":"BreadcrumbList","@id":"https:\/\/weldplus.de\/spezialistin-technical-support-m-w-d\/#breadcrumb","itemListElement":[{"@type":"ListItem","position":1,"name":"Startseite","item":"https:\/\/weldplus.de\/en\/"},{"@type":"ListItem","position":2,"name":"Technical Support Engineer"}]},{"@type":"WebSite","@id":"https:\/\/weldplus.de\/#website","url":"https:\/\/weldplus.de\/","name":"Weldplus","description":"Weldplus","publisher":{"@id":"https:\/\/weldplus.de\/#organization"},"potentialAction":[{"@type":"SearchAction","target":{"@type":"EntryPoint","urlTemplate":"https:\/\/weldplus.de\/?s={search_term_string}"},"query-input":{"@type":"PropertyValueSpecification","valueRequired":true,"valueName":"search_term_string"}}],"inLanguage":"en-US"},{"@type":"Organization","@id":"https:\/\/weldplus.de\/#organization","name":"Weldplus GmbH","alternateName":"Weldplus GmbH","url":"https:\/\/weldplus.de\/","logo":{"@type":"ImageObject","inLanguage":"en-US","@id":"https:\/\/weldplus.de\/#\/schema\/logo\/image\/","url":"https:\/\/weldplus.de\/wp-content\/uploads\/2022\/10\/logo_weldplus.svg","contentUrl":"https:\/\/weldplus.de\/wp-content\/uploads\/2022\/10\/logo_weldplus.svg","width":1,"height":1,"caption":"Weldplus GmbH"},"image":{"@id":"https:\/\/weldplus.de\/#\/schema\/logo\/image\/"},"sameAs":["https:\/\/www.instagram.com\/weldplus.gmbh\/","https:\/\/www.linkedin.com\/company\/weldplus-gmbh\/?viewAsMember=true"]}]}},"_links":{"self":[{"href":"https:\/\/weldplus.de\/en\/wp-json\/wp\/v2\/pages\/10947","targetHints":{"allow":["GET"]}}],"collection":[{"href":"https:\/\/weldplus.de\/en\/wp-json\/wp\/v2\/pages"}],"about":[{"href":"https:\/\/weldplus.de\/en\/wp-json\/wp\/v2\/types\/page"}],"author":[{"embeddable":true,"href":"https:\/\/weldplus.de\/en\/wp-json\/wp\/v2\/users\/5"}],"replies":[{"embeddable":true,"href":"https:\/\/weldplus.de\/en\/wp-json\/wp\/v2\/comments?post=10947"}],"version-history":[{"count":10,"href":"https:\/\/weldplus.de\/en\/wp-json\/wp\/v2\/pages\/10947\/revisions"}],"predecessor-version":[{"id":11027,"href":"https:\/\/weldplus.de\/en\/wp-json\/wp\/v2\/pages\/10947\/revisions\/11027"}],"wp:attachment":[{"href":"https:\/\/weldplus.de\/en\/wp-json\/wp\/v2\/media?parent=10947"}],"curies":[{"name":"wp","href":"https:\/\/api.w.org\/{rel}","templated":true}]}}